{"id":239,"date":"2020-04-13T19:05:55","date_gmt":"2020-04-13T22:05:55","guid":{"rendered":"https:\/\/caseros.com.ar\/?page_id=239"},"modified":"2020-04-28T01:00:21","modified_gmt":"2020-04-28T04:00:21","slug":"comunicarse-con-caseros-com-ar","status":"publish","type":"page","link":"https:\/\/caseros.com.ar\/index.php\/comunicarse-con-caseros-com-ar\/","title":{"rendered":"Comunicarse con Caseros.com.ar"},"content":{"rendered":"\n<p><strong>Hola! <\/strong>Te gustar\u00eda hacer alguna consulta sobre <strong>\u00bfcomo publicar en Caseros?<\/strong><\/p>\n\n\n\n<p><strong><a href=\"javascript:$zopim.livechat.window.show()\">Chat Online<\/a> <\/strong>\u00f3 <a href=\"mailto:contacto@caseros.com.ar\"><strong>contacto@caseros.com.ar<\/strong><\/a> <\/p>\n\n\n\n<p><strong>Aclaraci\u00f3n<\/strong>: La \u00fanica informaci\u00f3n sobre los comercios es la que publica cada comerciante. No tenemos informaci\u00f3n adicional de stock, precios ni otros datos de contacto. <\/p>\n\n\n\n<noscript class=\"ninja-forms-noscript-message\">\n\tAviso: Se requiere JavaScript para este contenido.<\/noscript>\n<p>Has enviado 5 mensajes y ese es el limite.<\/p>\n\n\n\n<p><\/p>\n","protected":false},"excerpt":{"rendered":"<p>Hola! Te gustar\u00eda hacer alguna consulta sobre \u00bfcomo publicar en Caseros? Chat Online \u00f3 contacto@caseros.com.ar Aclaraci\u00f3n: La \u00fanica informaci\u00f3n sobre los comercios es la que publica cada comerciante. No tenemos informaci\u00f3n adicional de stock, precios ni otros datos de contacto.<\/p>\n","protected":false},"author":1,"featured_media":0,"parent":0,"menu_order":0,"comment_status":"closed","ping_status":"closed","template":"","meta":{"footnotes":""},"class_list":["post-239","page","type-page","status-publish","hentry","content-box content-box-wrapper"],"yoast_head":"<!-- This site is optimized with the Yoast SEO plugin v27.4 - https:\/\/yoast.com\/product\/yoast-seo-wordpress\/ -->\n<title>Publica Gratis en CASEROS.com.ar y Vende todo!<\/title>\n<meta name=\"description\" content=\"Registra tu comercio y Vende todos en Caseros.com.ar\" \/>\n<meta name=\"robots\" content=\"index, follow, max-snippet:-1, max-image-preview:large, max-video-preview:-1\" \/>\n<link rel=\"canonical\" href=\"https:\/\/caseros.com.ar\/index.php\/comunicarse-con-caseros-com-ar\/\" \/>\n<meta property=\"og:locale\" content=\"es_ES\" \/>\n<meta property=\"og:type\" content=\"article\" \/>\n<meta property=\"og:title\" content=\"Publica Gratis en CASEROS.com.ar y Vende todo!\" \/>\n<meta property=\"og:description\" content=\"Registra tu comercio y Vende todos en Caseros.com.ar\" \/>\n<meta property=\"og:url\" content=\"https:\/\/caseros.com.ar\/index.php\/comunicarse-con-caseros-com-ar\/\" \/>\n<meta property=\"og:site_name\" content=\"Caseros.com.ar\" \/>\n<meta property=\"article:publisher\" content=\"https:\/\/www.facebook.com\/Caseroscomar\/\" \/>\n<meta property=\"article:modified_time\" content=\"2020-04-28T04:00:21+00:00\" \/>\n<meta property=\"og:image\" content=\"https:\/\/caseros.com.ar\/wp-content\/uploads\/2020\/04\/tunel-caseros-buscar-web.jpg\" \/>\n\t<meta property=\"og:image:width\" content=\"850\" \/>\n\t<meta property=\"og:image:height\" content=\"850\" \/>\n\t<meta property=\"og:image:type\" content=\"image\/jpeg\" \/>\n<meta name=\"twitter:card\" content=\"summary_large_image\" \/>\n<script type=\"application\/ld+json\" class=\"yoast-schema-graph\">{\"@context\":\"https:\\\/\\\/schema.org\",\"@graph\":[{\"@type\":\"WebPage\",\"@id\":\"https:\\\/\\\/caseros.com.ar\\\/index.php\\\/comunicarse-con-caseros-com-ar\\\/\",\"url\":\"https:\\\/\\\/caseros.com.ar\\\/index.php\\\/comunicarse-con-caseros-com-ar\\\/\",\"name\":\"Publica Gratis en CASEROS.com.ar y Vende todo!\",\"isPartOf\":{\"@id\":\"https:\\\/\\\/caseros.com.ar\\\/#website\"},\"datePublished\":\"2020-04-13T22:05:55+00:00\",\"dateModified\":\"2020-04-28T04:00:21+00:00\",\"description\":\"Registra tu comercio y Vende todos en Caseros.com.ar\",\"breadcrumb\":{\"@id\":\"https:\\\/\\\/caseros.com.ar\\\/index.php\\\/comunicarse-con-caseros-com-ar\\\/#breadcrumb\"},\"inLanguage\":\"es\",\"potentialAction\":[{\"@type\":\"ReadAction\",\"target\":[\"https:\\\/\\\/caseros.com.ar\\\/index.php\\\/comunicarse-con-caseros-com-ar\\\/\"]}]},{\"@type\":\"BreadcrumbList\",\"@id\":\"https:\\\/\\\/caseros.com.ar\\\/index.php\\\/comunicarse-con-caseros-com-ar\\\/#breadcrumb\",\"itemListElement\":[{\"@type\":\"ListItem\",\"position\":1,\"name\":\"Portada\",\"item\":\"https:\\\/\\\/caseros.com.ar\\\/\"},{\"@type\":\"ListItem\",\"position\":2,\"name\":\"Comunicarse con Caseros.com.ar\"}]},{\"@type\":\"WebSite\",\"@id\":\"https:\\\/\\\/caseros.com.ar\\\/#website\",\"url\":\"https:\\\/\\\/caseros.com.ar\\\/\",\"name\":\"Caseros.com.ar\",\"description\":\"Todo el barrio en un solo lugar\",\"publisher\":{\"@id\":\"https:\\\/\\\/caseros.com.ar\\\/#organization\"},\"potentialAction\":[{\"@type\":\"SearchAction\",\"target\":{\"@type\":\"EntryPoint\",\"urlTemplate\":\"https:\\\/\\\/caseros.com.ar\\\/?s={search_term_string}\"},\"query-input\":{\"@type\":\"PropertyValueSpecification\",\"valueRequired\":true,\"valueName\":\"search_term_string\"}}],\"inLanguage\":\"es\"},{\"@type\":\"Organization\",\"@id\":\"https:\\\/\\\/caseros.com.ar\\\/#organization\",\"name\":\"Caseros.com.ar, Productos y Servicios del Barrio de Caseros\",\"url\":\"https:\\\/\\\/caseros.com.ar\\\/\",\"logo\":{\"@type\":\"ImageObject\",\"inLanguage\":\"es\",\"@id\":\"https:\\\/\\\/caseros.com.ar\\\/#\\\/schema\\\/logo\\\/image\\\/\",\"url\":\"https:\\\/\\\/caseros.com.ar\\\/wp-content\\\/uploads\\\/2020\\\/04\\\/tunel-caseros-buscar-web.jpg\",\"contentUrl\":\"https:\\\/\\\/caseros.com.ar\\\/wp-content\\\/uploads\\\/2020\\\/04\\\/tunel-caseros-buscar-web.jpg\",\"width\":850,\"height\":850,\"caption\":\"Caseros.com.ar, Productos y Servicios del Barrio de Caseros\"},\"image\":{\"@id\":\"https:\\\/\\\/caseros.com.ar\\\/#\\\/schema\\\/logo\\\/image\\\/\"},\"sameAs\":[\"https:\\\/\\\/www.facebook.com\\\/Caseroscomar\\\/\",\"https:\\\/\\\/www.instagram.com\\\/caseroscomar\\\/\"]}]}<\/script>\n<!-- \/ Yoast SEO plugin. -->","yoast_head_json":{"title":"Publica Gratis en CASEROS.com.ar y Vende todo!","description":"Registra tu comercio y Vende todos en Caseros.com.ar","robots":{"index":"index","follow":"follow","max-snippet":"max-snippet:-1","max-image-preview":"max-image-preview:large","max-video-preview":"max-video-preview:-1"},"canonical":"https:\/\/caseros.com.ar\/index.php\/comunicarse-con-caseros-com-ar\/","og_locale":"es_ES","og_type":"article","og_title":"Publica Gratis en CASEROS.com.ar y Vende todo!","og_description":"Registra tu comercio y Vende todos en Caseros.com.ar","og_url":"https:\/\/caseros.com.ar\/index.php\/comunicarse-con-caseros-com-ar\/","og_site_name":"Caseros.com.ar","article_publisher":"https:\/\/www.facebook.com\/Caseroscomar\/","article_modified_time":"2020-04-28T04:00:21+00:00","og_image":[{"width":850,"height":850,"url":"https:\/\/caseros.com.ar\/wp-content\/uploads\/2020\/04\/tunel-caseros-buscar-web.jpg","type":"image\/jpeg"}],"twitter_card":"summary_large_image","schema":{"@context":"https:\/\/schema.org","@graph":[{"@type":"WebPage","@id":"https:\/\/caseros.com.ar\/index.php\/comunicarse-con-caseros-com-ar\/","url":"https:\/\/caseros.com.ar\/index.php\/comunicarse-con-caseros-com-ar\/","name":"Publica Gratis en CASEROS.com.ar y Vende todo!","isPartOf":{"@id":"https:\/\/caseros.com.ar\/#website"},"datePublished":"2020-04-13T22:05:55+00:00","dateModified":"2020-04-28T04:00:21+00:00","description":"Registra tu comercio y Vende todos en Caseros.com.ar","breadcrumb":{"@id":"https:\/\/caseros.com.ar\/index.php\/comunicarse-con-caseros-com-ar\/#breadcrumb"},"inLanguage":"es","potentialAction":[{"@type":"ReadAction","target":["https:\/\/caseros.com.ar\/index.php\/comunicarse-con-caseros-com-ar\/"]}]},{"@type":"BreadcrumbList","@id":"https:\/\/caseros.com.ar\/index.php\/comunicarse-con-caseros-com-ar\/#breadcrumb","itemListElement":[{"@type":"ListItem","position":1,"name":"Portada","item":"https:\/\/caseros.com.ar\/"},{"@type":"ListItem","position":2,"name":"Comunicarse con Caseros.com.ar"}]},{"@type":"WebSite","@id":"https:\/\/caseros.com.ar\/#website","url":"https:\/\/caseros.com.ar\/","name":"Caseros.com.ar","description":"Todo el barrio en un solo lugar","publisher":{"@id":"https:\/\/caseros.com.ar\/#organization"},"potentialAction":[{"@type":"SearchAction","target":{"@type":"EntryPoint","urlTemplate":"https:\/\/caseros.com.ar\/?s={search_term_string}"},"query-input":{"@type":"PropertyValueSpecification","valueRequired":true,"valueName":"search_term_string"}}],"inLanguage":"es"},{"@type":"Organization","@id":"https:\/\/caseros.com.ar\/#organization","name":"Caseros.com.ar, Productos y Servicios del Barrio de Caseros","url":"https:\/\/caseros.com.ar\/","logo":{"@type":"ImageObject","inLanguage":"es","@id":"https:\/\/caseros.com.ar\/#\/schema\/logo\/image\/","url":"https:\/\/caseros.com.ar\/wp-content\/uploads\/2020\/04\/tunel-caseros-buscar-web.jpg","contentUrl":"https:\/\/caseros.com.ar\/wp-content\/uploads\/2020\/04\/tunel-caseros-buscar-web.jpg","width":850,"height":850,"caption":"Caseros.com.ar, Productos y Servicios del Barrio de Caseros"},"image":{"@id":"https:\/\/caseros.com.ar\/#\/schema\/logo\/image\/"},"sameAs":["https:\/\/www.facebook.com\/Caseroscomar\/","https:\/\/www.instagram.com\/caseroscomar\/"]}]}},"_links":{"self":[{"href":"https:\/\/caseros.com.ar\/index.php\/wp-json\/wp\/v2\/pages\/239","targetHints":{"allow":["GET"]}}],"collection":[{"href":"https:\/\/caseros.com.ar\/index.php\/wp-json\/wp\/v2\/pages"}],"about":[{"href":"https:\/\/caseros.com.ar\/index.php\/wp-json\/wp\/v2\/types\/page"}],"author":[{"embeddable":true,"href":"https:\/\/caseros.com.ar\/index.php\/wp-json\/wp\/v2\/users\/1"}],"replies":[{"embeddable":true,"href":"https:\/\/caseros.com.ar\/index.php\/wp-json\/wp\/v2\/comments?post=239"}],"version-history":[{"count":5,"href":"https:\/\/caseros.com.ar\/index.php\/wp-json\/wp\/v2\/pages\/239\/revisions"}],"predecessor-version":[{"id":482,"href":"https:\/\/caseros.com.ar\/index.php\/wp-json\/wp\/v2\/pages\/239\/revisions\/482"}],"wp:attachment":[{"href":"https:\/\/caseros.com.ar\/index.php\/wp-json\/wp\/v2\/media?parent=239"}],"curies":[{"name":"wp","href":"https:\/\/api.w.org\/{rel}","templated":true}]}}